{"id":2,"date":"2008-01-21T16:57:38","date_gmt":"2008-01-21T15:57:38","guid":{"rendered":""},"modified":"2008-09-13T19:26:11","modified_gmt":"2008-09-13T18:26:11","slug":"om","status":"publish","type":"page","link":"https:\/\/4nielsen.dk\/?page_id=2","title":{"rendered":"Kontakt"},"content":{"rendered":"<p class=\"content\">Hvis du har nogle sp\u00f8rgsm\u00e5l, eller hvis du vil i kontakt med os, s\u00e5\u00a0brug formularen herunder.<\/p>\n<p>\u00a0<\/p>\n<form action=\"https:\/\/4nielsen.dk\/?page_id=2\" name=\"wpcf_form\" method=\"post\">\n<table align=\"center\" cellspacing=\"5px\" cellpadding=\"0\">\n<tr>\n<td colspan=\"2\"><small>Markerede felter skal udfyldes.<\/small><input type=\"hidden\" name=\"wpcf_stage\" value=\"process\" \/><\/td>\n<\/tr>\n<tr>\n<td style=\"text-align:right\">Dit Navn: <\/td>\n<td style=\"text-align:left\"><input type=\"text\" style=\"background-color:#CCCCFF\" name=\"wpcf_your_name\" id=\"wpcf_your_name\" size=\"30\" maxlength=\"50\" tabindex=\"1\" value=\"\" \/><\/td>\n<\/tr>\n<tr>\n<td style=\"text-align:right\">Din Email:<\/td>\n<td style=\"text-align:left\"><input type=\"text\" style=\"background-color:#CCCCFF\" name=\"wpcf_email\" id=\"wpcf_email\" size=\"30\" maxlength=\"50\" tabindex=\"2\" value=\"\" \/><\/td>\n<\/tr>\n<tr>\n<td style=\"text-align:right\">2 + 2 =<\/td>\n<td style=\"text-align:left\"><input type=\"text\" style=\"background-color:#CCCCFF\" name=\"wpcf_response\" id=\"wpcf_response\" size=\"30\" maxlength=\"50\" tabindex=\"3\" value=\"\" \/><\/td>\n<\/tr>\n<tr>\n<td style=\"text-align:right\">Din Webside:<\/td>\n<td style=\"text-align:left\"><input type=\"text\" name=\"wpcf_website\" id=\"wpcf_website\" size=\"30\" maxlength=\"100\" tabindex=\"4\" value=\"\" \/><\/td>\n<\/tr>\n<tr>\n<td style=\"text-align:right\">Dit Emne:<\/td>\n<td style=\"text-align:left\"><input type=\"text\" style=\"background-color:#CCCCFF\" name=\"wpcf_usersubject\" id=\"wpcf_usersubject\" size=\"30\" tabindex=\"5\" maxlength=\"50\" value=\"\" \/><\/td>\n<\/tr>\n<tr>\n<td style=\"text-align:right\">Din Besked: <\/td>\n<td style=\"text-align:left\"><textarea name=\"wpcf_msg\" style=\"background-color:#CCCCFF; width:250px;\" id=\"wpcf_msg\" rows=\"8\" cols=\"8\" tabindex=\"6\"><\/textarea><\/td>\n<\/tr>\n<tr>\n<td style=\"text-align:right\"><input type=\"checkbox\" id=\"copy\" name=\"copy\" value=\"true\" tabindex=\"7\" ><\/td>\n<td style=\"text-align:left\">Send kopi til dig selv.<\/td>\n<tr>\n<td colspan=\"2\" style=\"text-align:right\"><input type=\"submit\" name=\"Submit\" tabindex=\"8\" value=\"Send\" id=\"contactsubmit\" \/><\/td>\n<\/tr>\n<\/table>\n<\/form>\n","protected":false},"excerpt":{"rendered":"<p>Hvis du har nogle sp\u00f8rgsm\u00e5l, eller hvis du vil i kontakt med os, s\u00e5\u00a0brug formularen herunder. \u00a0 Markerede felter skal udfyldes. Dit Navn: Din Email: 2 + 2 = Din Webside: Dit Emne: Din Besked: Send kopi til dig selv.<\/p>\n","protected":false},"author":1,"featured_media":0,"parent":0,"menu_order":0,"comment_status":"open","ping_status":"open","template":"","meta":{"ngg_post_thumbnail":0,"footnotes":""},"_links":{"self":[{"href":"https:\/\/4nielsen.dk\/index.php?rest_route=\/wp\/v2\/pages\/2"}],"collection":[{"href":"https:\/\/4nielsen.dk\/index.php?rest_route=\/wp\/v2\/pages"}],"about":[{"href":"https:\/\/4nielsen.dk\/index.php?rest_route=\/wp\/v2\/types\/page"}],"author":[{"embeddable":true,"href":"https:\/\/4nielsen.dk\/index.php?rest_route=\/wp\/v2\/users\/1"}],"replies":[{"embeddable":true,"href":"https:\/\/4nielsen.dk\/index.php?rest_route=%2Fwp%2Fv2%2Fcomments&post=2"}],"version-history":[{"count":2,"href":"https:\/\/4nielsen.dk\/index.php?rest_route=\/wp\/v2\/pages\/2\/revisions"}],"predecessor-version":[{"id":39,"href":"https:\/\/4nielsen.dk\/index.php?rest_route=\/wp\/v2\/pages\/2\/revisions\/39"}],"wp:attachment":[{"href":"https:\/\/4nielsen.dk\/index.php?rest_route=%2Fwp%2Fv2%2Fmedia&parent=2"}],"curies":[{"name":"wp","href":"https:\/\/api.w.org\/{rel}","templated":true}]}}